{"id":8957,"date":"2025-02-17T14:12:08","date_gmt":"2025-02-17T14:12:08","guid":{"rendered":"https:\/\/drzerfiziktedavimuessesi.com\/?page_id=8957"},"modified":"2025-12-24T10:11:54","modified_gmt":"2025-12-24T10:11:54","slug":"kipa-guzellik-merkezi","status":"publish","type":"page","link":"https:\/\/drzerfiziktedavimuessesi.com\/en\/kipa-guzellik-merkezi\/","title":{"rendered":"Kipa Beauty Center"},"content":{"rendered":"<section class=\"l-section wpb_row height_auto color_alternate with_img\"><div class=\"l-section-img\" role=\"img\" aria-label=\"Image\" data-img-width=\"2560\" data-img-height=\"1707\" style=\"background-image: url(https:\/\/drzerfiziktedavimuessesi.com\/wp-content\/uploads\/2025\/05\/kipa-scaled.jpeg);\"><\/div><div class=\"l-section-overlay\" style=\"background:rgba(0,0,0,0.75)\"><\/div><div class=\"l-section-h i-cf\"><div class=\"g-cols vc_row via_grid cols_1 laptops-cols_inherit tablets-cols_inherit mobiles-cols_1 valign_bottom type_boxes stacking_default\" style=\"--columns-gap:2.1rem;\"><div class=\"wpb_column vc_column_container us_custom_4b42444b us_animate_this\"><div class=\"vc_column-inner\"><h2 class=\"w-itext us_custom_99ecb2c4 has_text_color type_fadeIn align_center\" style=\"--itext-transition-duration:0.15s;--itext-timing-function:cubic-bezier(.86,0,.07,1);\" onclick='return {&quot;duration&quot;:150,&quot;delay&quot;:2000}'>\u00d6zel Dr. Zer Fizik Tedavi M\u00fcessesi<\/h2><div class=\"w-separator size_small\"><\/div><\/div><\/div><\/div><\/div><\/section><section class=\"l-section wpb_row height_custom\"><div class=\"l-section-overlay\" style=\"background:#f7f7f7\"><\/div><div class=\"l-section-h i-cf\"><div class=\"g-cols vc_row via_grid cols_1-2 laptops-cols_inherit tablets-cols_inherit mobiles-cols_1 valign_top type_default stacking_default\" style=\"--columns-gap:58px;\"><div class=\"wpb_column vc_column_container\"><div class=\"vc_column-inner\"><div class=\"wpb_text_column\"><div class=\"wpb_wrapper\"><h3>Contact us<\/h3>\n<\/div><\/div><div class=\"w-separator size_small\"><\/div><div class=\"w-iconbox iconpos_left style_circle color_primary align_left no_text\"><div class=\"w-iconbox-icon\" style=\"font-size:22px;\"><i class=\"far fa-map-marker-alt\"><\/i><\/div><div class=\"w-iconbox-meta\"><div class=\"w-iconbox-title\">T\u00fcrkmen Mahallesi G\u00fcnhan Ar\u0131n Bulvar\u0131 12\/B Ku\u015fadas\u0131-Ayd\u0131n 09400 <\/div><\/div><\/div><div class=\"w-separator size_small\"><\/div><div class=\"w-iconbox iconpos_left style_circle color_primary align_left no_text\"><a href=\"tel:+905326679060\" class=\"w-iconbox-link\" aria-label=\"+90 532 667 90 60\"><div class=\"w-iconbox-icon\" style=\"font-size:22px;\"><i class=\"far fa-phone\"><\/i><\/div><\/a><div class=\"w-iconbox-meta\"><div class=\"w-iconbox-title\"><a href=\"tel:+905326679060\" class=\"w-iconbox-link\" aria-label=\"+90 532 667 90 60\">+90 532 667 90 60<\/a><\/div><\/div><\/div><div class=\"w-separator size_small\"><\/div><div class=\"w-iconbox iconpos_left style_circle color_primary align_left no_text\"><a href=\"mailto:info@drzerfiziktedavimuessesi.com\" class=\"w-iconbox-link\" aria-label=\"info@drzerfiziktedavimuessesi.com\"><div class=\"w-iconbox-icon\" style=\"font-size:22px;\"><i class=\"far fa-envelope\"><\/i><\/div><\/a><div class=\"w-iconbox-meta\"><div class=\"w-iconbox-title\"><a href=\"mailto:info@drzerfiziktedavimuessesi.com\" class=\"w-iconbox-link\" aria-label=\"info@drzerfiziktedavimuessesi.com\">info@drzerfiziktedavimuessesi.com<\/a><\/div><\/div><\/div><div class=\"w-separator size_medium\"><\/div><div class=\"wpb_text_column\"><div class=\"wpb_wrapper\"><h3>Follow Us<\/h3>\n<\/div><\/div><div class=\"w-separator size_small\"><\/div><div class=\"w-socials us_custom_e0fd27a2 color_brand shape_square style_solid hover_none\"><div class=\"w-socials-list\"><div class=\"w-socials-item facebook\"><a target=\"_blank\" rel=\"nofollow\" href=\"https:\/\/www.facebook.com\/drzerclinic\" class=\"w-socials-item-link\" aria-label=\"Facebook\"><span class=\"w-socials-item-link-hover\"><\/span><i class=\"fab fa-facebook\"><\/i><\/a><div class=\"w-socials-item-popup\"><span>Facebook<\/span><\/div><\/div><div class=\"w-socials-item instagram\"><a target=\"_blank\" rel=\"nofollow\" href=\"https:\/\/www.instagram.com\/drzerclinic\" class=\"w-socials-item-link\" aria-label=\"Instagram\"><span class=\"w-socials-item-link-hover\"><\/span><i class=\"fab fa-instagram\"><\/i><\/a><div class=\"w-socials-item-popup\"><span>Instagram<\/span><\/div><\/div><div class=\"w-socials-item youtube\"><a target=\"_blank\" rel=\"nofollow\" href=\"https:\/\/www.youtube.com\/@Dr.ZerClinic\" class=\"w-socials-item-link\" aria-label=\"YouTube\"><span class=\"w-socials-item-link-hover\"><\/span><i class=\"fab fa-youtube\"><\/i><\/a><div class=\"w-socials-item-popup\"><span>YouTube<\/span><\/div><\/div><div class=\"w-socials-item whatsapp\"><a href=\"https:\/\/wa.me\/905333574411\" class=\"w-socials-item-link\" aria-label=\"WhatsApp\"><span class=\"w-socials-item-link-hover\"><\/span><i class=\"fab fa-whatsapp\"><\/i><\/a><div class=\"w-socials-item-popup\"><span>WhatsApp<\/span><\/div><\/div><\/div><\/div><\/div><\/div><div class=\"wpb_column vc_column_container\"><div class=\"vc_column-inner\"><div class=\"wpb_text_column hide_on_default hide_on_laptops hide_on_tablets hide_on_mobiles\"><div class=\"wpb_wrapper\"><h3>Get in Touch with Us<\/h3>\n<\/div><\/div><div class=\"w-separator hide_on_default hide_on_laptops hide_on_tablets hide_on_mobiles size_small\"><\/div><form class=\"w-form  us-field-style_1 layout_ver show_message_after_sending for_cform us_form_1\" action=\"https:\/\/drzerfiziktedavimuessesi.com\/en\/en\/wp-json\/wp\/v2\/pages\/8957\" method=\"post\" data-trp-original-action=\"https:\/\/drzerfiziktedavimuessesi.com\/en\/en\/wp-json\/wp\/v2\/pages\/8957\"><div class=\"w-form-h\"><div class=\"w-form-row for_text has_label required\">\r\n\t\t\t<div class=\"w-form-row-label\">\r\n\t\t\t<span>Your name and surname *<\/span>\r\n\t\t<\/div>\r\n\t\t<div class=\"w-form-row-field\">\r\n\t\t\t\t\t\t<input aria-label=\"Ad\u0131n\u0131z ve soyad\u0131n\u0131z\" type=\"text\" name=\"us_form_1_text_1\" value placeholder data-required=\"true\" aria-required=\"true\"\/>\r\n\t\t\t<\/div>\r\n\t\t<div class=\"w-form-row-state\">Fill out this field<\/div>\r\n<\/div>\r\n<div class=\"w-form-row for_text has_label required\">\r\n\t\t\t<div class=\"w-form-row-label\">\r\n\t\t\t<span>Telephone *<\/span>\r\n\t\t<\/div>\r\n\t\t<div class=\"w-form-row-field\">\r\n\t\t\t\t\t\t<input aria-label=\"Telefon\" inputmode=\"tel\" type=\"text\" name=\"us_form_1_text_2\" value placeholder data-required=\"true\" aria-required=\"true\"\/>\r\n\t\t\t<\/div>\r\n\t\t<div class=\"w-form-row-state\">Fill out this field<\/div>\r\n<\/div>\r\n<div class=\"w-form-row for_email has_label required\">\r\n\t\t\t<div class=\"w-form-row-label\">\r\n\t\t\t<span>Your email address *<\/span>\r\n\t\t<\/div>\r\n\t\t<div class=\"w-form-row-field\">\r\n\t\t\t\t\t\t<input aria-label=\"E-posta adresiniz\" type=\"email\" name=\"us_form_1_email_1\" value placeholder data-required=\"true\" aria-required=\"true\"\/>\r\n\t\t\t<\/div>\r\n\t\t<div class=\"w-form-row-state\">Please enter a valid email address.<\/div>\r\n<\/div>\r\n<div class=\"w-form-row for_textarea has_label required\">\r\n\t\t\t<div class=\"w-form-row-label\">\r\n\t\t\t<span>Your message<\/span>\r\n\t\t<\/div>\r\n\t\t<div class=\"w-form-row-field\">\r\n\t\t\t\t\t\t<textarea aria-label=\"Mesaj\u0131n\u0131z\" name=\"us_form_1_textarea_1\" placeholder data-required=\"true\" aria-required=\"true\"><\/textarea>\r\n\t\t\t<\/div>\r\n\t\t<div class=\"w-form-row-state\">Fill out this field<\/div>\r\n<\/div>\r\n<input type=\"hidden\" name=\"action\" value=\"us_ajax_cform\" \/>\r\n<input type=\"hidden\" name=\"post_id\" value=\"0\" \/>\r\n<input type=\"hidden\" name=\"form_index\" value=\"1\" \/>\r\n<div class=\"w-form-row for_submit align_none\"><button class=\"w-btn us-btn-style_1\" type=\"submit\" aria-label=\"Send\"><span class=\"g-preloader type_1\"><\/span><span class=\"w-btn-label\">Send<\/span><\/button><\/div><\/div><div class=\"w-form-message\"><\/div><div class=\"w-form-json hidden\" onclick='return {&quot;ajaxurl&quot;:&quot;https:\\\/\\\/drzerfiziktedavimuessesi.com\\\/wp-admin\\\/admin-ajax.php&quot;,&quot;messages&quot;:{&quot;err_empty&quot;:&quot;Fill out this field&quot;,&quot;err_size&quot;:&quot;File size cannot exceed %s MB&quot;,&quot;err_extension&quot;:&quot;%s file type is not allowed&quot;,&quot;err_recaptcha_keys&quot;:&quot;reCAPTCHA keys are incorrect&quot;}}'><\/div><input type=\"hidden\" name=\"trp-form-language\" value=\"en\"\/><\/form><\/div><\/div><\/div><\/div><\/section><section class=\"l-section wpb_row height_auto\"><div class=\"l-section-overlay\" style=\"background:#f7f7f7\"><\/div><div class=\"l-section-h i-cf\"><div class=\"g-cols vc_row via_grid cols_1 laptops-cols_inherit tablets-cols_inherit mobiles-cols_1 valign_top type_default stacking_default\"><div class=\"wpb_column vc_column_container\"><div class=\"vc_column-inner\"><div class=\"w-html\"><iframe src=\"https:\/\/www.google.com\/maps\/embed?pb=!1m18!1m12!1m3!1d3546.0667559415074!2d27.27896887628841!3d37.81207907197607!2m3!1f0!2f0!3f0!3m2!1i1024!2i768!4f13.1!3m3!1m2!1s0x14beaf5096812d3d%3A0x674b4bf2f3d034b8!2sKipa%20Alisveris%20Merkezi!5e1!3m2!1sde!2sch!4v1745668660767!5m2!1sde!2sch\" width=\"1200\" height=\"450\" style=\"border:0;\" allowfullscreen=\"\" loading=\"lazy\" referrerpolicy=\"no-referrer-when-downgrade\"><\/iframe><\/div><div class=\"w-separator size_medium\"><\/div><\/div><\/div><\/div><\/div><\/section>","protected":false},"excerpt":{"rendered":"","protected":false},"author":1,"featured_media":0,"parent":0,"menu_order":0,"comment_status":"closed","ping_status":"closed","template":"","meta":{"footnotes":""},"class_list":["post-8957","page","type-page","status-publish","hentry"],"yoast_head":"<!-- This site is optimized with the Yoast SEO plugin v27.3 - https:\/\/yoast.com\/product\/yoast-seo-wordpress\/ -->\n<title>Kipa G\u00fczellik Merkezi - Ku\u015fadas\u0131<\/title>\n<meta name=\"robots\" content=\"index, follow, max-snippet:-1, max-image-preview:large, max-video-preview:-1\" \/>\n<link rel=\"canonical\" href=\"https:\/\/drzerfiziktedavimuessesi.com\/en\/kipa-guzellik-merkezi\/\" \/>\n<meta property=\"og:locale\" content=\"en_US\" \/>\n<meta property=\"og:type\" content=\"article\" \/>\n<meta property=\"og:title\" content=\"Kipa G\u00fczellik Merkezi - Ku\u015fadas\u0131\" \/>\n<meta property=\"og:url\" content=\"https:\/\/drzerfiziktedavimuessesi.com\/en\/kipa-guzellik-merkezi\/\" \/>\n<meta property=\"og:site_name\" content=\"Ku\u015fadas\u0131\" \/>\n<meta property=\"article:modified_time\" content=\"2025-12-24T10:11:54+00:00\" \/>\n<meta name=\"twitter:card\" content=\"summary_large_image\" \/>\n<meta name=\"twitter:label1\" content=\"Est. reading time\" \/>\n\t<meta name=\"twitter:data1\" content=\"1 minute\" \/>\n<script type=\"application\/ld+json\" class=\"yoast-schema-graph\">{\"@context\":\"https:\\\/\\\/schema.org\",\"@graph\":[{\"@type\":\"WebPage\",\"@id\":\"https:\\\/\\\/drzerfiziktedavimuessesi.com\\\/tr\\\/kipa-guzellik-merkezi\\\/\",\"url\":\"https:\\\/\\\/drzerfiziktedavimuessesi.com\\\/tr\\\/kipa-guzellik-merkezi\\\/\",\"name\":\"Kipa G\u00fczellik Merkezi - Ku\u015fadas\u0131\",\"isPartOf\":{\"@id\":\"https:\\\/\\\/drzerfiziktedavimuessesi.com\\\/tr\\\/#website\"},\"datePublished\":\"2025-02-17T14:12:08+00:00\",\"dateModified\":\"2025-12-24T10:11:54+00:00\",\"breadcrumb\":{\"@id\":\"https:\\\/\\\/drzerfiziktedavimuessesi.com\\\/tr\\\/kipa-guzellik-merkezi\\\/#breadcrumb\"},\"inLanguage\":\"en-US\",\"potentialAction\":[{\"@type\":\"ReadAction\",\"target\":[\"https:\\\/\\\/drzerfiziktedavimuessesi.com\\\/tr\\\/kipa-guzellik-merkezi\\\/\"]}]},{\"@type\":\"BreadcrumbList\",\"@id\":\"https:\\\/\\\/drzerfiziktedavimuessesi.com\\\/tr\\\/kipa-guzellik-merkezi\\\/#breadcrumb\",\"itemListElement\":[{\"@type\":\"ListItem\",\"position\":1,\"name\":\"Anasayfa\",\"item\":\"https:\\\/\\\/drzerfiziktedavimuessesi.com\\\/tr\\\/\"},{\"@type\":\"ListItem\",\"position\":2,\"name\":\"Kipa G\u00fczellik Merkezi\"}]},{\"@type\":\"WebSite\",\"@id\":\"https:\\\/\\\/drzerfiziktedavimuessesi.com\\\/tr\\\/#website\",\"url\":\"https:\\\/\\\/drzerfiziktedavimuessesi.com\\\/tr\\\/\",\"name\":\"Dr. Zer Clinic\",\"description\":\"\",\"publisher\":{\"@id\":\"https:\\\/\\\/drzerfiziktedavimuessesi.com\\\/tr\\\/#organization\"},\"potentialAction\":[{\"@type\":\"SearchAction\",\"target\":{\"@type\":\"EntryPoint\",\"urlTemplate\":\"https:\\\/\\\/drzerfiziktedavimuessesi.com\\\/tr\\\/?s={search_term_string}\"},\"query-input\":{\"@type\":\"PropertyValueSpecification\",\"valueRequired\":true,\"valueName\":\"search_term_string\"}}],\"inLanguage\":\"en-US\"},{\"@type\":\"Organization\",\"@id\":\"https:\\\/\\\/drzerfiziktedavimuessesi.com\\\/tr\\\/#organization\",\"name\":\"Dr. Zer Clinic\",\"url\":\"https:\\\/\\\/drzerfiziktedavimuessesi.com\\\/tr\\\/\",\"logo\":{\"@type\":\"ImageObject\",\"inLanguage\":\"en-US\",\"@id\":\"https:\\\/\\\/drzerfiziktedavimuessesi.com\\\/tr\\\/#\\\/schema\\\/logo\\\/image\\\/\",\"url\":\"http:\\\/\\\/drzerfiziktedavimuessesi.com\\\/wp-content\\\/uploads\\\/2025\\\/02\\\/cropped-zer_logo.png\",\"contentUrl\":\"http:\\\/\\\/drzerfiziktedavimuessesi.com\\\/wp-content\\\/uploads\\\/2025\\\/02\\\/cropped-zer_logo.png\",\"width\":512,\"height\":512,\"caption\":\"Dr. Zer Clinic\"},\"image\":{\"@id\":\"https:\\\/\\\/drzerfiziktedavimuessesi.com\\\/tr\\\/#\\\/schema\\\/logo\\\/image\\\/\"}}]}<\/script>\n<!-- \/ Yoast SEO plugin. -->","yoast_head_json":{"title":"Kipa G\u00fczellik Merkezi - Ku\u015fadas\u0131","robots":{"index":"index","follow":"follow","max-snippet":"max-snippet:-1","max-image-preview":"max-image-preview:large","max-video-preview":"max-video-preview:-1"},"canonical":"https:\/\/drzerfiziktedavimuessesi.com\/en\/kipa-guzellik-merkezi\/","og_locale":"en_US","og_type":"article","og_title":"Kipa G\u00fczellik Merkezi - Ku\u015fadas\u0131","og_url":"https:\/\/drzerfiziktedavimuessesi.com\/en\/kipa-guzellik-merkezi\/","og_site_name":"Ku\u015fadas\u0131","article_modified_time":"2025-12-24T10:11:54+00:00","twitter_card":"summary_large_image","twitter_misc":{"Est. reading time":"1 minute"},"schema":{"@context":"https:\/\/schema.org","@graph":[{"@type":"WebPage","@id":"https:\/\/drzerfiziktedavimuessesi.com\/tr\/kipa-guzellik-merkezi\/","url":"https:\/\/drzerfiziktedavimuessesi.com\/tr\/kipa-guzellik-merkezi\/","name":"Kipa G\u00fczellik Merkezi - Ku\u015fadas\u0131","isPartOf":{"@id":"https:\/\/drzerfiziktedavimuessesi.com\/tr\/#website"},"datePublished":"2025-02-17T14:12:08+00:00","dateModified":"2025-12-24T10:11:54+00:00","breadcrumb":{"@id":"https:\/\/drzerfiziktedavimuessesi.com\/tr\/kipa-guzellik-merkezi\/#breadcrumb"},"inLanguage":"en-US","potentialAction":[{"@type":"ReadAction","target":["https:\/\/drzerfiziktedavimuessesi.com\/tr\/kipa-guzellik-merkezi\/"]}]},{"@type":"BreadcrumbList","@id":"https:\/\/drzerfiziktedavimuessesi.com\/tr\/kipa-guzellik-merkezi\/#breadcrumb","itemListElement":[{"@type":"ListItem","position":1,"name":"Anasayfa","item":"https:\/\/drzerfiziktedavimuessesi.com\/tr\/"},{"@type":"ListItem","position":2,"name":"Kipa G\u00fczellik Merkezi"}]},{"@type":"WebSite","@id":"https:\/\/drzerfiziktedavimuessesi.com\/tr\/#website","url":"https:\/\/drzerfiziktedavimuessesi.com\/tr\/","name":"Dr. Zer Clinic","description":"","publisher":{"@id":"https:\/\/drzerfiziktedavimuessesi.com\/tr\/#organization"},"potentialAction":[{"@type":"SearchAction","target":{"@type":"EntryPoint","urlTemplate":"https:\/\/drzerfiziktedavimuessesi.com\/tr\/?s={search_term_string}"},"query-input":{"@type":"PropertyValueSpecification","valueRequired":true,"valueName":"search_term_string"}}],"inLanguage":"en-US"},{"@type":"Organization","@id":"https:\/\/drzerfiziktedavimuessesi.com\/tr\/#organization","name":"Dr. Zer Clinic","url":"https:\/\/drzerfiziktedavimuessesi.com\/tr\/","logo":{"@type":"ImageObject","inLanguage":"en-US","@id":"https:\/\/drzerfiziktedavimuessesi.com\/tr\/#\/schema\/logo\/image\/","url":"http:\/\/drzerfiziktedavimuessesi.com\/wp-content\/uploads\/2025\/02\/cropped-zer_logo.png","contentUrl":"http:\/\/drzerfiziktedavimuessesi.com\/wp-content\/uploads\/2025\/02\/cropped-zer_logo.png","width":512,"height":512,"caption":"Dr. Zer Clinic"},"image":{"@id":"https:\/\/drzerfiziktedavimuessesi.com\/tr\/#\/schema\/logo\/image\/"}}]}},"_links":{"self":[{"href":"https:\/\/drzerfiziktedavimuessesi.com\/en\/wp-json\/wp\/v2\/pages\/8957","targetHints":{"allow":["GET"]}}],"collection":[{"href":"https:\/\/drzerfiziktedavimuessesi.com\/en\/wp-json\/wp\/v2\/pages"}],"about":[{"href":"https:\/\/drzerfiziktedavimuessesi.com\/en\/wp-json\/wp\/v2\/types\/page"}],"author":[{"embeddable":true,"href":"https:\/\/drzerfiziktedavimuessesi.com\/en\/wp-json\/wp\/v2\/users\/1"}],"replies":[{"embeddable":true,"href":"https:\/\/drzerfiziktedavimuessesi.com\/en\/wp-json\/wp\/v2\/comments?post=8957"}],"version-history":[{"count":14,"href":"https:\/\/drzerfiziktedavimuessesi.com\/en\/wp-json\/wp\/v2\/pages\/8957\/revisions"}],"predecessor-version":[{"id":9552,"href":"https:\/\/drzerfiziktedavimuessesi.com\/en\/wp-json\/wp\/v2\/pages\/8957\/revisions\/9552"}],"wp:attachment":[{"href":"https:\/\/drzerfiziktedavimuessesi.com\/en\/wp-json\/wp\/v2\/media?parent=8957"}],"curies":[{"name":"wp","href":"https:\/\/api.w.org\/{rel}","templated":true}]}}